{"id":379,"date":"2025-07-26T09:27:02","date_gmt":"2025-07-26T07:27:02","guid":{"rendered":"https:\/\/diotorobalett.hu\/adatkezelesi-tajekoztato-2\/"},"modified":"2025-09-11T15:15:56","modified_gmt":"2025-09-11T13:15:56","slug":"privacy-policy","status":"publish","type":"page","link":"https:\/\/diotorobalett.hu\/en\/privacy-policy\/","title":{"rendered":"Privacy Policy"},"content":{"rendered":"<div data-elementor-type=\"wp-page\" data-elementor-id=\"379\" class=\"elementor elementor-379\" data-elementor-post-type=\"page\">\n\t\t\t\t<div class=\"elementor-element elementor-element-7a9d5dae e-flex e-con-boxed e-con e-parent\" data-id=\"7a9d5dae\" data-element_type=\"container\" data-settings=\"{&quot;background_background&quot;:&quot;classic&quot;}\">\n\t\t\t\t\t<div class=\"e-con-inner\">\n\t\t\t\t<div class=\"elementor-element elementor-element-438a8d40 elementor-widget elementor-widget-heading\" data-id=\"438a8d40\" data-element_type=\"widget\" data-widget_type=\"heading.default\">\n\t\t\t\t\t<h1 class=\"elementor-heading-title elementor-size-default\">Privacy Policy<\/h1>\t\t\t\t<\/div>\n\t\t\t\t\t<\/div>\n\t\t\t\t<\/div>\n\t\t<div class=\"elementor-element elementor-element-389a50dc e-flex e-con-boxed e-con e-parent\" data-id=\"389a50dc\" data-element_type=\"container\">\n\t\t\t\t\t<div class=\"e-con-inner\">\n\t\t\t\t<div class=\"elementor-element elementor-element-69057a8e elementor-widget elementor-widget-text-editor\" data-id=\"69057a8e\" data-element_type=\"widget\" data-widget_type=\"text-editor.default\">\n\t\t\t\t\t\t\t\t\t<p><span style=\"font-weight: 400;\">A Budapesti Filharm\u00f3niai T\u00e1rsas\u00e1g, mint adatkezel\u0151 (a tov\u00e1bbiakban: <\/span><b>Adatkezel\u0151<\/b><span style=\"font-weight: 400;\"> vagy <\/span><b>BFTZ<\/b><span style=\"font-weight: 400;\">) a<\/span><a href=\"http:\/\/www.bftz.hu\/\"> <b>www.bftz.hu<\/b><\/a><span style=\"font-weight: 400;\"> weboldal, valamint a Di\u00f3t\u00f6r\u0151 turn\u00e9 kamp\u00e1nyoldalai \u2013 ide\u00e9rtve k\u00fcl\u00f6n\u00f6sen a <\/span><b>diotorobalett.hu<\/b><span style=\"font-weight: 400;\"> \u2013 felhaszn\u00e1l\u00f3inak szem\u00e9lyes adatait \u00e9rint\u0151 adatkezel\u00e9si tev\u00e9kenys\u00e9geir\u0151l az Eur\u00f3pai Parlament \u00e9s a Tan\u00e1cs (EU) 2016\/679 rendelete (GDPR) alapj\u00e1n adja ki jelen t\u00e1j\u00e9koztat\u00f3t.<\/span><span style=\"font-weight: 400;\"><br \/><\/span><span style=\"font-weight: 400;\">A Di\u00f3t\u00f6r\u0151 turn\u00e9 kommunik\u00e1ci\u00f3ja a <\/span><b>Pannon Art Productions<\/b><span style=\"font-weight: 400;\"> m\u00e1rkan\u00e9v alatt t\u00f6rt\u00e9nik, ugyanakkor az adatkezel\u0151i feladatokat a <\/span><b>Budapesti Filharm\u00f3niai T\u00e1rsas\u00e1g<\/b><span style=\"font-weight: 400;\"> l\u00e1tja el.<\/span><\/p><h2><b>I. Az adatkezel\u0151<\/b><\/h2><p><b>C\u00e9gn\u00e9v:<\/b><span style=\"font-weight: 400;\"> Budapesti Filharm\u00f3niai T\u00e1rsas\u00e1g<\/span><span style=\"font-weight: 400;\"><br \/><\/span><b>Sz\u00e9khely:<\/b><span style=\"font-weight: 400;\"> 1074 Budapest, R\u00e1k\u00f3czi \u00fat 70-72. 1. emelet<\/span><span style=\"font-weight: 400;\"><br \/><\/span><b>C\u00e9gjegyz\u00e9k:<\/b><span style=\"font-weight: 400;\"> 01-02-0001453<\/span><span style=\"font-weight: 400;\"><br \/><\/span><b>Ad\u00f3sz\u00e1m: <\/b><span style=\"font-weight: 400;\">19001308-2-42<\/span><\/p><p><b>k\u00e9pviseli:<\/b><span style=\"font-weight: 400;\"> T\u00f3th L\u00e1szl\u00f3 eln\u00f6k<\/span><\/p><p><b>Telefonsz\u00e1m:<\/b><span style=\"font-weight: 400;\"> 06 30 681 0069<\/span><\/p><p><b>E-mail:<\/b> <b>info@diotorobalett.hu<\/b><b><br \/><\/b><b>Honlap:<\/b><a href=\"http:\/\/www.bftz.hu\/\"> <span style=\"font-weight: 400;\">www.bftz.hu<\/span><\/a><span style=\"font-weight: 400;\"> (Di\u00f3t\u00f6r\u0151 turn\u00e9: <\/span><a href=\"http:\/\/diotorobalett.hu\/en\/\"><span style=\"font-weight: 400;\">diotorobalett.hu<\/span><\/a><span style=\"font-weight: 400;\">)<\/span><span style=\"font-weight: 400;\"><br \/><\/span><span style=\"font-weight: 400;\">(a tov\u00e1bbiakban Adatkezel\u0151)<\/span><\/p><p>\u00a0<\/p><h2><b>II. Adatkezel\u00e9si tev\u00e9kenys\u00e9gek<\/b><\/h2><h2><b>1. Adatkezel\u00e9s a honlapon<\/b><\/h2><p><span style=\"font-weight: 400;\">A honlap(ok) m\u0171k\u00f6dtet\u00e9se sor\u00e1n szem\u00e9lyes adatokat kiz\u00e1r\u00f3lag a jelen t\u00e1j\u00e9koztat\u00f3ban foglaltak szerint gy\u0171jt\u00fcnk \u00e9s kezel\u00fcnk.<\/span><\/p><h2><b>1.1. Jegyv\u00e1s\u00e1rl\u00e1shoz \u00e9s bel\u00e9ptet\u00e9shez kapcsol\u00f3d\u00f3 adatkezel\u00e9s<\/b><\/h2><p><span style=\"font-weight: 400;\">Click the \u201cBuy Tickets\u201d button to be directed to <\/span><b>bftz.jegy.hu<\/b><span style=\"font-weight: 400;\"> fel\u00fclet\u00e9re ir\u00e1ny\u00edtjuk, amelyet az <\/span><b>InterTicket Kft. (jegy.hu)<\/b><span style=\"font-weight: 400;\"> \u00fczemeltet. Az online jegyv\u00e1s\u00e1rl\u00e1shoz kapcsol\u00f3d\u00f3 adatkezel\u00e9sre az InterTicket Kft. adatkezel\u00e9si t\u00e1j\u00e9koztat\u00f3ja ir\u00e1nyad\u00f3.<\/span><span style=\"font-weight: 400;\"><br \/><\/span><span style=\"font-weight: 400;\"> Mint az InterTicket \u00e1ltal \u00e9rt\u00e9kes\u00edtett jegyek <\/span><b>kibocs\u00e1t\u00f3ja \u00e9s az el\u0151ad\u00e1sok szervez\u0151je<\/b><span style=\"font-weight: 400;\">, a BFTZ az InterTicket \u00e1ltal r\u00e9sz\u00fcnkre tov\u00e1bb\u00edtott sz\u00fcks\u00e9ges szem\u00e9lyes adatokat is kezeli az al\u00e1bbi c\u00e9lokb\u00f3l:<\/span><\/p><ul><li style=\"font-weight: 400;\" aria-level=\"1\"><span style=\"font-weight: 400;\">el\u0151ad\u00e1sokra (turn\u00e9) sz\u00f3l\u00f3 bel\u00e9p\u00e9si jogosults\u00e1g ellen\u0151rz\u00e9se, bel\u00e9ptet\u00e9s;<\/span><span style=\"font-weight: 400;\"><br \/><br \/><\/span><\/li><li style=\"font-weight: 400;\" aria-level=\"1\"><span style=\"font-weight: 400;\">az el\u0151ad\u00e1sok m\u00f3dosul\u00e1s\u00e1val\/elmarad\u00e1s\u00e1val kapcsolatos \u00e9rtes\u00edt\u00e9sek k\u00fcld\u00e9se;<\/span><span style=\"font-weight: 400;\"><br \/><br \/><\/span><\/li><li style=\"font-weight: 400;\" aria-level=\"1\"><span style=\"font-weight: 400;\">panaszok \u00e9s \u00fcgyf\u00e9lszolg\u00e1lati megkeres\u00e9sek kezel\u00e9se;<\/span><span style=\"font-weight: 400;\"><br \/><br \/><\/span><\/li><li style=\"font-weight: 400;\" aria-level=\"1\"><span style=\"font-weight: 400;\">az \u00e9rintettek sz\u00fcks\u00e9ges m\u00e9rt\u00e9k\u0171 azonos\u00edt\u00e1sa, egym\u00e1st\u00f3l val\u00f3 megk\u00fcl\u00f6nb\u00f6ztet\u00e9se.<\/span><span style=\"font-weight: 400;\"><br \/><br \/><\/span><\/li><\/ul><p><b>Jogalap:<\/b><span style=\"font-weight: 400;\"> szerz\u0151d\u00e9s teljes\u00edt\u00e9se (GDPR 6. cikk (1) b)); jogvita eset\u00e9n jogos \u00e9rdek (GDPR 6. cikk (1) f)).<\/span><span style=\"font-weight: 400;\"><br \/><\/span><b>Kezelt adatok k\u00f6re:<\/b><span style=\"font-weight: 400;\"> n\u00e9v; e-mail c\u00edm; telefonsz\u00e1m (ha megadott); sz\u00e1ll\u00edt\u00e1si c\u00edm (ha sz\u00fcks\u00e9ges, pl. h\u00e1zhozsz\u00e1ll\u00edt\u00e1s); jegyv\u00e1s\u00e1rl\u00e1si tranzakci\u00f3 sz\u00e1ma \u00e9s id\u0151pontja; megv\u00e1s\u00e1rolt jegyek sz\u00e1ma, \u00e9rt\u00e9ke, kapcsol\u00f3d\u00f3 el\u0151ad\u00e1s adatai (id\u0151pont, helysz\u00edn, szektor\/sor\/sz\u00e9k).<\/span><span style=\"font-weight: 400;\"><br \/><\/span><b>Meg\u0151rz\u00e9s:<\/b><span style=\"font-weight: 400;\"> a tranzakci\u00f3ban szerepl\u0151 <\/span><b>utols\u00f3 el\u0151ad\u00e1s<\/b><span style=\"font-weight: 400;\"> id\u0151pontj\u00e1t\u00f3l sz\u00e1m\u00edtott <\/span><b>15 nap<\/b><span style=\"font-weight: 400;\">; jogvita eset\u00e9n a jogvita lez\u00e1r\u00e1s\u00e1ig.<\/span><\/p><h2><b>1.2. Sz\u00e1mlakibocs\u00e1t\u00e1shoz kapcsol\u00f3d\u00f3 adatkezel\u00e9s<\/b><\/h2><p><b>C\u00e9l:<\/b><span style=\"font-weight: 400;\"> a sz\u00e1mlaad\u00e1si jogszab\u00e1lyok teljes\u00edt\u00e9se.<\/span><span style=\"font-weight: 400;\"><br \/><\/span> <b>Jogalap:<\/b><span style=\"font-weight: 400;\"> jogi k\u00f6telezetts\u00e9g (GDPR 6. cikk (1) c%)).<\/span><span style=\"font-weight: 400;\"><br \/><\/span> <b>Adatok:<\/b><span style=\"font-weight: 400;\"> n\u00e9v; sz\u00e1ml\u00e1z\u00e1si n\u00e9v\/c\u00edm; ad\u00f3sz\u00e1m (ha k\u00f6telez\u0151 vagy az \u00e9rintett megadja); tranzakci\u00f3 sz\u00e1ma, d\u00e1tuma, id\u0151pontja; bizonylat tartalma.<\/span><span style=\"font-weight: 400;\"><br \/><\/span> <b>Meg\u0151rz\u00e9s:<\/b><span style=\"font-weight: 400;\"> a sz\u00e1mla kibocs\u00e1t\u00e1s\u00e1t\u00f3l sz\u00e1m\u00edtott <\/span><b>8 \u00e9v<\/b><span style=\"font-weight: 400;\"> (Sz\u00e1mv. tv., \u00c1fa tv.).<\/span><\/p><h2><b>1.3. Sz\u00e1ml\u00e1z\u00e1s (szolg\u00e1ltat\u00f3i k\u00f6zrem\u0171k\u00f6d\u00e9s)<\/b><\/h2><p><span style=\"font-weight: 400;\">Az InterTicket Kft. \u2013 az \u00e9rt\u00e9kes\u00edtett jegyek tekintet\u00e9ben \u2013 a sz\u00e1ml\u00e1z\u00e1shoz sz\u00fcks\u00e9ges szem\u00e9lyes adatokat tov\u00e1bb\u00edthatja a sz\u00e1ml\u00e1z\u00e1s technikai felt\u00e9teleit biztos\u00edt\u00f3 partnereknek:<\/span><span style=\"font-weight: 400;\"><br \/><\/span> <b>KBOSS.hu Kft.<\/b><span style=\"font-weight: 400;\"> (2000 Szentendre, T\u00e1ltos u. 22\/b; ad\u00f3sz\u00e1m: 13421739-2-13; c\u00e9gj.: 13-09-101824)<\/span><span style=\"font-weight: 400;\"><br \/><\/span> <b>Billzone.hu \/ N-Ware Kft.<\/b><span style=\"font-weight: 400;\"> (1139 Budapest, Csongor u. 7\/A fszt. 1.; ad\u00f3sz\u00e1m: 14825679-2-41; c\u00e9gj.: 01-09-921789)<\/span><span style=\"font-weight: 400;\"><br \/><\/span> <b>C\u00e9l:<\/b><span style=\"font-weight: 400;\"> a szerz\u0151d\u00e9s teljes\u00edt\u00e9s\u00e9hez kapcsol\u00f3d\u00f3 bizonylat ki\u00e1ll\u00edt\u00e1sa, meg\u0151rz\u00e9se.<\/span><span style=\"font-weight: 400;\"><br \/><\/span> <b>Jogalap:<\/b><span style=\"font-weight: 400;\"> szerz\u0151d\u00e9s teljes\u00edt\u00e9se (GDPR 6. cikk (1) b)).<\/span><span style=\"font-weight: 400;\"><br \/><\/span> <b>Adatok k\u00f6re \u00e9s meg\u0151rz\u00e9s:<\/b><span style=\"font-weight: 400;\"> l\u00e1sd 1.2. pont; a szolg\u00e1ltat\u00f3i szerz\u0151d\u00e9sek id\u0151tartama \u00e9s a vonatkoz\u00f3 jogszab\u00e1lyok szerint.<\/span><\/p><h2><b>IV. H\u00edrlev\u00e9l-feliratkoz\u00e1s<\/b><\/h2><h2><b>4.1. H\u00edrlev\u00e9l feliratkoz\u00e1s (pap\u00edron vagy elektronikusan)<\/b><\/h2><p><span style=\"font-weight: 400;\">A Di\u00f3t\u00f6r\u0151 turn\u00e9val kapcsolatos h\u00edrlev\u00e9lre a <\/span><b>diotorobalett.hu<\/b><span style=\"font-weight: 400;\"> fel\u00fcleten vagy rendezv\u00e9nyeinken el\u00e9rhet\u0151 \u0171rlapon lehet feliratkozni. A feliratkoz\u00e1ssal hozz\u00e1j\u00e1rulsz, hogy id\u0151szakos e-maileket k\u00fcldj\u00fcnk az aktu\u00e1lis el\u0151ad\u00e1sokr\u00f3l \u00e9s a turn\u00e9val kapcsolatos h\u00edrekr\u0151l.<\/span><span style=\"font-weight: 400;\"><br \/><\/span> <b>Jogalap:<\/b><span style=\"font-weight: 400;\"> hozz\u00e1j\u00e1rul\u00e1s (GDPR 6. cikk (1) a)).<\/span><span style=\"font-weight: 400;\"><br \/><\/span> <b>Adatok:<\/b><span style=\"font-weight: 400;\"> n\u00e9v (opcion\u00e1lis), e-mail c\u00edm.<\/span><span style=\"font-weight: 400;\"><br \/><\/span> <b>Meg\u0151rz\u00e9s:<\/b><span style=\"font-weight: 400;\"> a hozz\u00e1j\u00e1rul\u00e1s visszavon\u00e1s\u00e1ig (leiratkoz\u00e1s a levelek l\u00e1bl\u00e9c\u00e9ben tal\u00e1lhat\u00f3 linkkel, vagy e-mailben).<\/span><span style=\"font-weight: 400;\"><br \/><\/span> <b>Adattov\u00e1bb\u00edt\u00e1s:<\/b><span style=\"font-weight: 400;\"> nem t\u00f6rt\u00e9nik; a feliratkoz\u00f3i e-mail c\u00edmeket kiz\u00e1r\u00f3lag a Di\u00f3t\u00f6r\u0151 turn\u00e9 kommunik\u00e1ci\u00f3j\u00e1ra haszn\u00e1ljuk.<\/span><span style=\"font-weight: 400;\"><br \/><\/span> <b>Kapcsolat h\u00edrlev\u00e9l \u00fcgyben:<\/b> <b>info@diotorobalett.hu<\/b><span style=\"font-weight: 400;\">.<\/span><\/p><h2><b>V. T\u00e1j\u00e9koztat\u00e1s az \u00e9rintetti jogokr\u00f3l<\/b><\/h2><ol><li style=\"font-weight: 400;\" aria-level=\"1\"><span style=\"font-weight: 400;\">A jelen t\u00e1j\u00e9koztat\u00f3 a honlapon folyamatosan el\u00e9rhet\u0151; m\u00f3dos\u00edt\u00e1s\u00e1r\u00f3l a regisztr\u00e1lt l\u00e1togat\u00f3kat az els\u0151 bel\u00e9p\u00e9skor felugr\u00f3 ablakban \u00e9rtes\u00edtj\u00fck. A feliratkoz\u00e1s\/kapcsolatfelv\u00e9tel sor\u00e1n biztos\u00edtjuk, hogy a hozz\u00e1j\u00e1rul\u00e1s megad\u00e1sa el\u0151tt a t\u00e1j\u00e9koztat\u00f3 tartalma megismerhet\u0151 legyen.<\/span><span style=\"font-weight: 400;\"><br \/><\/span><span style=\"font-weight: 400;\"> 2\u20139. <\/span><i><span style=\"font-weight: 400;\">(Jogok: hozz\u00e1f\u00e9r\u00e9s, helyesb\u00edt\u00e9s, t\u00f6rl\u00e9s, korl\u00e1toz\u00e1s, adathordozhat\u00f3s\u00e1g, tiltakoz\u00e1s; incidens-\u00e9rtes\u00edt\u00e9s stb.)<\/span><\/i><span style=\"font-weight: 400;\"> \u2014 <\/span><b>v\u00e1ltozatlanul<\/b><span style=\"font-weight: 400;\"> a kor\u00e1bbi sz\u00f6veg szerint.<\/span><span style=\"font-weight: 400;\"><br \/><br \/><\/span><\/li><\/ol><h2><b>VI. Az \u00e9rintetti jogok \u00e9rv\u00e9nyes\u00edt\u00e9se<\/b><\/h2><ol><li style=\"font-weight: 400;\" aria-level=\"1\"><span style=\"font-weight: 400;\">Adatkezel\u00e9ssel kapcsolatos k\u00e9r\u00e9sek\/k\u00e9rd\u00e9sek:<\/span><span style=\"font-weight: 400;\"><br \/><\/span> <b>Postai c\u00edm:<\/b><span style=\"font-weight: 400;\"> 1052 Budapest, Haris k\u00f6z 6. mfszt.\/1.<\/span><span style=\"font-weight: 400;\"><br \/><\/span> <b>E-mail:<\/b> <b>info@diotorobalett.hu<\/b><b><br \/><br \/><\/b><\/li><li style=\"font-weight: 400;\" aria-level=\"1\"><span style=\"font-weight: 400;\">Hat\u00f3s\u00e1gi panasz: <\/span><b>Nemzeti Adatv\u00e9delmi \u00e9s Inform\u00e1ci\u00f3szabads\u00e1g Hat\u00f3s\u00e1g (NAIH)<\/b><span style=\"font-weight: 400;\"> \u2013 1055 Budapest, Falk Miksa u. 9\u201311.; +36-1-391-1400; ugyfelszolgalat@naih.hu;<\/span><a href=\"http:\/\/www.naih.hu\/\"> <span style=\"font-weight: 400;\">www.naih.hu<\/span><span style=\"font-weight: 400;\"><br \/><br \/><\/span><\/a><\/li><li style=\"font-weight: 400;\" aria-level=\"1\"><span style=\"font-weight: 400;\">B\u00edr\u00f3s\u00e1gi jog\u00e9rv\u00e9nyes\u00edt\u00e9s: a t\u00f6rv\u00e9nysz\u00e9k hat\u00e1sk\u00f6r\u00e9be tartozik; a per az \u00e9rintett lak\u00f3- vagy tart\u00f3zkod\u00e1si helye szerint is megind\u00edthat\u00f3.<\/span><span style=\"font-weight: 400;\"><br \/><br \/><\/span><\/li><\/ol><h2><b>VII. S\u00fctik (Cookie-k) \u00e9s hozz\u00e1j\u00e1rul\u00e1skezel\u00e9s<\/b><\/h2><p><span style=\"font-weight: 400;\">A honlap m\u0171k\u00f6d\u00e9s\u00e9hez <\/span><b>felt\u00e9tlen\u00fcl sz\u00fcks\u00e9ges s\u00fctiket<\/b><span style=\"font-weight: 400;\"> haszn\u00e1lunk. Statisztikai \u00e9s\/vagy marketing c\u00e9l\u00fa s\u00fctik (pl. m\u00e9r\u00e9s, remarketing) <\/span><b>csak az \u00e9rintett el\u0151zetes hozz\u00e1j\u00e1rul\u00e1s\u00e1val<\/b><span style=\"font-weight: 400;\"> ker\u00fclnek elhelyez\u00e9sre. A s\u00fctibe\u00e1ll\u00edt\u00e1sok a honlapon el\u00e9rhet\u0151 <\/span><b>S\u00fcti-be\u00e1ll\u00edt\u00e1sok<\/b><span style=\"font-weight: 400;\"> fel\u00fcleten b\u00e1rmikor m\u00f3dos\u00edthat\u00f3k, a r\u00e9szleteket a <\/span><b>Cookie t\u00e1j\u00e9koztat\u00f3<\/b><span style=\"font-weight: 400;\"> tartalmazza.<\/span><\/p>\t\t\t\t\t\t\t\t<\/div>\n\t\t\t\t<div class=\"elementor-element elementor-element-6cf45675 elementor-widget elementor-widget-text-editor\" data-id=\"6cf45675\" data-element_type=\"widget\" data-widget_type=\"text-editor.default\">\n\t\t\t\t\t\t\t\t\t<p><strong>Budapest, 2025. szeptember 1.<\/strong><\/p>\t\t\t\t\t\t\t\t<\/div>\n\t\t\t\t\t<\/div>\n\t\t\t\t<\/div>\n\t\t\t\t<\/div>","protected":false},"excerpt":{"rendered":"<p>Adatkezel\u00e9si t\u00e1j\u00e9koztat\u00f3 A Budapesti Filharm\u00f3niai T\u00e1rsas\u00e1g, mint adatkezel\u0151 (a tov\u00e1bbiakban: Adatkezel\u0151 vagy BFTZ) a www.bftz.hu weboldal, valamint a Di\u00f3t\u00f6r\u0151 turn\u00e9 kamp\u00e1nyoldalai \u2013 ide\u00e9rtve k\u00fcl\u00f6n\u00f6sen a diotorobalett.hu \u2013 felhaszn\u00e1l\u00f3inak szem\u00e9lyes adatait \u00e9rint\u0151 adatkezel\u00e9si tev\u00e9kenys\u00e9geir\u0151l az Eur\u00f3pai Parlament \u00e9s a Tan\u00e1cs (EU) 2016\/679 rendelete (GDPR) alapj\u00e1n adja ki jelen t\u00e1j\u00e9koztat\u00f3t.A Di\u00f3t\u00f6r\u0151 turn\u00e9 kommunik\u00e1ci\u00f3ja a Pannon Art Productions [&hellip;]<\/p>","protected":false},"author":1,"featured_media":0,"parent":0,"menu_order":0,"comment_status":"closed","ping_status":"closed","template":"","meta":{"footnotes":""},"class_list":["post-379","page","type-page","status-publish","hentry"],"yoast_head":"<!-- This site is optimized with the Yoast SEO plugin v26.8 - https:\/\/yoast.com\/product\/yoast-seo-wordpress\/ -->\n<title>Adatkezel\u00e9si T\u00e1j\u00e9koztat\u00f3 - diotorobalett.hu<\/title>\n<meta name=\"robots\" content=\"index, follow, max-snippet:-1, max-image-preview:large, max-video-preview:-1\" \/>\n<link rel=\"canonical\" href=\"https:\/\/diotorobalett.hu\/en\/privacy-policy\/\" \/>\n<meta property=\"og:locale\" content=\"en_GB\" \/>\n<meta property=\"og:type\" content=\"article\" \/>\n<meta property=\"og:title\" content=\"Adatkezel\u00e9si T\u00e1j\u00e9koztat\u00f3 - diotorobalett.hu\" \/>\n<meta property=\"og:description\" content=\"Adatkezel\u00e9si t\u00e1j\u00e9koztat\u00f3 A Budapesti Filharm\u00f3niai T\u00e1rsas\u00e1g, mint adatkezel\u0151 (a tov\u00e1bbiakban: Adatkezel\u0151 vagy BFTZ) a www.bftz.hu weboldal, valamint a Di\u00f3t\u00f6r\u0151 turn\u00e9 kamp\u00e1nyoldalai \u2013 ide\u00e9rtve k\u00fcl\u00f6n\u00f6sen a diotorobalett.hu \u2013 felhaszn\u00e1l\u00f3inak szem\u00e9lyes adatait \u00e9rint\u0151 adatkezel\u00e9si tev\u00e9kenys\u00e9geir\u0151l az Eur\u00f3pai Parlament \u00e9s a Tan\u00e1cs (EU) 2016\/679 rendelete (GDPR) alapj\u00e1n adja ki jelen t\u00e1j\u00e9koztat\u00f3t.A Di\u00f3t\u00f6r\u0151 turn\u00e9 kommunik\u00e1ci\u00f3ja a Pannon Art Productions [&hellip;]\" \/>\n<meta property=\"og:url\" content=\"https:\/\/diotorobalett.hu\/en\/privacy-policy\/\" \/>\n<meta property=\"og:site_name\" content=\"diotorobalett.hu\" \/>\n<meta property=\"article:modified_time\" content=\"2025-09-11T13:15:56+00:00\" \/>\n<meta name=\"twitter:card\" content=\"summary_large_image\" \/>\n<meta name=\"twitter:label1\" content=\"Estimated reading time\" \/>\n\t<meta name=\"twitter:data1\" content=\"4 minutes\" \/>\n<script type=\"application\/ld+json\" class=\"yoast-schema-graph\">{\"@context\":\"https:\/\/schema.org\",\"@graph\":[{\"@type\":\"WebPage\",\"@id\":\"https:\/\/diotorobalett.hu\/adatkezelesi-tajekoztato\/\",\"url\":\"https:\/\/diotorobalett.hu\/adatkezelesi-tajekoztato\/\",\"name\":\"Adatkezel\u00e9si T\u00e1j\u00e9koztat\u00f3 - diotorobalett.hu\",\"isPartOf\":{\"@id\":\"https:\/\/diotorobalett.hu\/#website\"},\"datePublished\":\"2025-07-26T07:27:02+00:00\",\"dateModified\":\"2025-09-11T13:15:56+00:00\",\"breadcrumb\":{\"@id\":\"https:\/\/diotorobalett.hu\/adatkezelesi-tajekoztato\/#breadcrumb\"},\"inLanguage\":\"en-GB\",\"potentialAction\":[{\"@type\":\"ReadAction\",\"target\":[\"https:\/\/diotorobalett.hu\/adatkezelesi-tajekoztato\/\"]}]},{\"@type\":\"BreadcrumbList\",\"@id\":\"https:\/\/diotorobalett.hu\/adatkezelesi-tajekoztato\/#breadcrumb\",\"itemListElement\":[{\"@type\":\"ListItem\",\"position\":1,\"name\":\"Kezd\u0151lap\",\"item\":\"https:\/\/diotorobalett.hu\/\"},{\"@type\":\"ListItem\",\"position\":2,\"name\":\"Adatkezel\u00e9si T\u00e1j\u00e9koztat\u00f3\"}]},{\"@type\":\"WebSite\",\"@id\":\"https:\/\/diotorobalett.hu\/#website\",\"url\":\"https:\/\/diotorobalett.hu\/\",\"name\":\"diotorobalett.hu\",\"description\":\"Legend\u00e1s orosz balettel\u0151ad\u00e1sok a vil\u00e1g sz\u00ednpadain\",\"publisher\":{\"@id\":\"https:\/\/diotorobalett.hu\/#organization\"},\"potentialAction\":[{\"@type\":\"SearchAction\",\"target\":{\"@type\":\"EntryPoint\",\"urlTemplate\":\"https:\/\/diotorobalett.hu\/?s={search_term_string}\"},\"query-input\":{\"@type\":\"PropertyValueSpecification\",\"valueRequired\":true,\"valueName\":\"search_term_string\"}}],\"inLanguage\":\"en-GB\"},{\"@type\":\"Organization\",\"@id\":\"https:\/\/diotorobalett.hu\/#organization\",\"name\":\"diotorobalett.hu\",\"url\":\"https:\/\/diotorobalett.hu\/\",\"logo\":{\"@type\":\"ImageObject\",\"inLanguage\":\"en-GB\",\"@id\":\"https:\/\/diotorobalett.hu\/#\/schema\/logo\/image\/\",\"url\":\"https:\/\/diotorobalett.hu\/wp-content\/uploads\/2025\/07\/a-diotoro-logo.png\",\"contentUrl\":\"https:\/\/diotorobalett.hu\/wp-content\/uploads\/2025\/07\/a-diotoro-logo.png\",\"width\":315,\"height\":101,\"caption\":\"diotorobalett.hu\"},\"image\":{\"@id\":\"https:\/\/diotorobalett.hu\/#\/schema\/logo\/image\/\"}}]}<\/script>\n<!-- \/ Yoast SEO plugin. -->","yoast_head_json":{"title":"Adatkezel\u00e9si T\u00e1j\u00e9koztat\u00f3 - diotorobalett.hu","robots":{"index":"index","follow":"follow","max-snippet":"max-snippet:-1","max-image-preview":"max-image-preview:large","max-video-preview":"max-video-preview:-1"},"canonical":"https:\/\/diotorobalett.hu\/en\/privacy-policy\/","og_locale":"en_GB","og_type":"article","og_title":"Adatkezel\u00e9si T\u00e1j\u00e9koztat\u00f3 - diotorobalett.hu","og_description":"Adatkezel\u00e9si t\u00e1j\u00e9koztat\u00f3 A Budapesti Filharm\u00f3niai T\u00e1rsas\u00e1g, mint adatkezel\u0151 (a tov\u00e1bbiakban: Adatkezel\u0151 vagy BFTZ) a www.bftz.hu weboldal, valamint a Di\u00f3t\u00f6r\u0151 turn\u00e9 kamp\u00e1nyoldalai \u2013 ide\u00e9rtve k\u00fcl\u00f6n\u00f6sen a diotorobalett.hu \u2013 felhaszn\u00e1l\u00f3inak szem\u00e9lyes adatait \u00e9rint\u0151 adatkezel\u00e9si tev\u00e9kenys\u00e9geir\u0151l az Eur\u00f3pai Parlament \u00e9s a Tan\u00e1cs (EU) 2016\/679 rendelete (GDPR) alapj\u00e1n adja ki jelen t\u00e1j\u00e9koztat\u00f3t.A Di\u00f3t\u00f6r\u0151 turn\u00e9 kommunik\u00e1ci\u00f3ja a Pannon Art Productions [&hellip;]","og_url":"https:\/\/diotorobalett.hu\/en\/privacy-policy\/","og_site_name":"diotorobalett.hu","article_modified_time":"2025-09-11T13:15:56+00:00","twitter_card":"summary_large_image","twitter_misc":{"Estimated reading time":"4 minutes"},"schema":{"@context":"https:\/\/schema.org","@graph":[{"@type":"WebPage","@id":"https:\/\/diotorobalett.hu\/adatkezelesi-tajekoztato\/","url":"https:\/\/diotorobalett.hu\/adatkezelesi-tajekoztato\/","name":"Adatkezel\u00e9si T\u00e1j\u00e9koztat\u00f3 - diotorobalett.hu","isPartOf":{"@id":"https:\/\/diotorobalett.hu\/#website"},"datePublished":"2025-07-26T07:27:02+00:00","dateModified":"2025-09-11T13:15:56+00:00","breadcrumb":{"@id":"https:\/\/diotorobalett.hu\/adatkezelesi-tajekoztato\/#breadcrumb"},"inLanguage":"en-GB","potentialAction":[{"@type":"ReadAction","target":["https:\/\/diotorobalett.hu\/adatkezelesi-tajekoztato\/"]}]},{"@type":"BreadcrumbList","@id":"https:\/\/diotorobalett.hu\/adatkezelesi-tajekoztato\/#breadcrumb","itemListElement":[{"@type":"ListItem","position":1,"name":"Kezd\u0151lap","item":"https:\/\/diotorobalett.hu\/"},{"@type":"ListItem","position":2,"name":"Adatkezel\u00e9si T\u00e1j\u00e9koztat\u00f3"}]},{"@type":"WebSite","@id":"https:\/\/diotorobalett.hu\/#website","url":"https:\/\/diotorobalett.hu\/","name":"diotorobalett.hu","description":"Legend\u00e1s orosz balettel\u0151ad\u00e1sok a vil\u00e1g sz\u00ednpadain","publisher":{"@id":"https:\/\/diotorobalett.hu\/#organization"},"potentialAction":[{"@type":"SearchAction","target":{"@type":"EntryPoint","urlTemplate":"https:\/\/diotorobalett.hu\/?s={search_term_string}"},"query-input":{"@type":"PropertyValueSpecification","valueRequired":true,"valueName":"search_term_string"}}],"inLanguage":"en-GB"},{"@type":"Organization","@id":"https:\/\/diotorobalett.hu\/#organization","name":"diotorobalett.hu","url":"https:\/\/diotorobalett.hu\/","logo":{"@type":"ImageObject","inLanguage":"en-GB","@id":"https:\/\/diotorobalett.hu\/#\/schema\/logo\/image\/","url":"https:\/\/diotorobalett.hu\/wp-content\/uploads\/2025\/07\/a-diotoro-logo.png","contentUrl":"https:\/\/diotorobalett.hu\/wp-content\/uploads\/2025\/07\/a-diotoro-logo.png","width":315,"height":101,"caption":"diotorobalett.hu"},"image":{"@id":"https:\/\/diotorobalett.hu\/#\/schema\/logo\/image\/"}}]}},"_links":{"self":[{"href":"https:\/\/diotorobalett.hu\/en\/wp-json\/wp\/v2\/pages\/379","targetHints":{"allow":["GET"]}}],"collection":[{"href":"https:\/\/diotorobalett.hu\/en\/wp-json\/wp\/v2\/pages"}],"about":[{"href":"https:\/\/diotorobalett.hu\/en\/wp-json\/wp\/v2\/types\/page"}],"author":[{"embeddable":true,"href":"https:\/\/diotorobalett.hu\/en\/wp-json\/wp\/v2\/users\/1"}],"replies":[{"embeddable":true,"href":"https:\/\/diotorobalett.hu\/en\/wp-json\/wp\/v2\/comments?post=379"}],"version-history":[{"count":13,"href":"https:\/\/diotorobalett.hu\/en\/wp-json\/wp\/v2\/pages\/379\/revisions"}],"predecessor-version":[{"id":1366,"href":"https:\/\/diotorobalett.hu\/en\/wp-json\/wp\/v2\/pages\/379\/revisions\/1366"}],"wp:attachment":[{"href":"https:\/\/diotorobalett.hu\/en\/wp-json\/wp\/v2\/media?parent=379"}],"curies":[{"name":"wp","href":"https:\/\/api.w.org\/{rel}","templated":true}]}}